{"id":65555,"date":"2022-03-18T23:56:29","date_gmt":"2022-03-18T14:56:29","guid":{"rendered":"https:\/\/backgammon.or.jp\/?page_id=65555"},"modified":"2022-05-15T17:14:42","modified_gmt":"2022-05-15T08:14:42","slug":"%e3%83%90%e3%83%83%e3%82%af%e3%82%ae%e3%83%a3%e3%83%a2%e3%83%b3%e6%97%a5%e6%9c%ac%e4%bb%a3%e8%a1%a8","status":"publish","type":"page","link":"https:\/\/backgammon.or.jp\/?page_id=65555","title":{"rendered":"\u30d0\u30c3\u30af\u30ae\u30e3\u30e2\u30f3\u65e5\u672c\u4ee3\u8868 2022"},"content":{"rendered":"<h1>\u30d0\u30c3\u30af\u30ae\u30e3\u30e2\u30f3\u65e5\u672c\u4ee3\u8868<\/h1>\n<h2>\u30d0\u30c3\u30af\u30ae\u30e3\u30e2\u30f3\u65e5\u672c\u4ee3\u8868\u3068\u306f<\/h2>\n<p>\u4e16\u754c\u3067\u958b\u50ac\u3055\u308c\u308b\u56fd\u5225\u5bfe\u6297\u6226\u3001\u7279\u306bWBGF\u4e3b\u50ac\u306eWorld Team Backgammon Championship\u306b\u51fa\u5834\u3059\u308b\u305f\u3081\u3001<br \/>\n\u65e5\u672c\u4ee3\u8868\u9078\u8003\u59d4\u54e1\u4f1a\u306b\u3088\u3063\u3066\u7de8\u6210\u3055\u308c\u308b\u9078\u629c\u30c1\u30fc\u30e0\u3002\u9078\u629c\u306b\u306f\u30bf\u30a4\u30c8\u30eb\u306e\u7372\u5f97\u3001\u5730\u65b9\u30aa\u30fc\u30d7\u30f3\u30bf\u30a4\u30c8\u30eb\u306e\u7372\u5f97\u3001\u30ec\u30fc\u30c6\u30a3\u30f3\u30b0\u3001\u305d\u306e\u4ed6\u306e\u6307\u6a19\u306a\u3069\u304c\u8003\u616e\u3055\u308c\u308b\u3002<\/p>\n<div class=\"wrap\">\n    <iframe width=\"672\" height=\"378\" src=\"https:\/\/www.youtube.com\/embed\/AZiQnGwF7-E\" title=\"YouTube video player\" frameborder=\"0\" allow=\"accelerometer; autoplay; clipboard-write; encrypted-media; gyroscope; picture-in-picture\" allowfullscreen=\"\"><\/iframe><\/div>\n<h2>2022\u5e74\u65e5\u672c\u4ee3\u8868\u30e1\u30f3\u30d0\u30fc<\/h2>\n<p>\uff12\uff10\uff12\uff12\u5e74\uff14\u6708\uff14\u65e5\uff5e\uff16\u65e5\u306b\u30a4\u30bf\u30ea\u30a2\u306e\u30d9\u30cb\u30b9\u3067\u958b\u50ac\u3055\u308c\u308b World Team Backgammon Championship \u306b\u53c2\u52a0\u3059\u308b\uff17\u4eba\u306e\u30e1\u30f3\u30d0\u30fc\u3067\u3059\u3002<br \/>\n<a href=\"https:\/\/wtbgc-venice2022.com\/en\/\">https:\/\/wtbgc-venice2022.com\/en\/<\/a><br \/>\n\u8a66\u5408\u306f\u30b9\u30c8\u30ea\u30fc\u30e0\u914d\u4fe1\u3055\u308c\u308b\u4e88\u5b9a\u3067\u3059\u306e\u3067\u3001Youtube \u306eJBS\u30c1\u30e3\u30f3\u30cd\u30eb\uff08<a href=\"https:\/\/www.youtube.com\/channel\/UCXedTaYeB1EPhABg30LlmlQ\">https:\/\/www.youtube.com\/channel\/UCXedTaYeB1EPhABg30LlmlQ<\/a>)\u3067\u304a\u697d\u3057\u307f\u304f\u3060\u3055\u3044\u3002<br \/>\n\u307f\u3093\u306a\u3067\u5fdc\u63f4\u3057\u307e\u3057\u3087\u3046\uff01<\/p>\n<div class=\"membaer-list\">\n<hr>\n<div class=\"membaer\">\n<div class=\"left\">\n<p class=\"image\"><img class=\"profile\" alt=\"Kageyama\" src=\"https:\/\/backgammon.or.jp\/wp-content\/uploads\/2022\/03\/Kageyama.jpg\"><\/p>\n<\/div>\n<div class=\"right\">\n<h3>\n                \u666f\u5c71 \u5145\u4eba \uff08\u30ad\u30e3\u30d7\u30c6\u30f3\uff09<br \/>\n<small>Kageyama Michihito<\/small><\/h3>\n<p>Backgammon Giants 2\u4f4d \/ BMAB Grand Master 1<br \/>\nJBS\u30ec\u30fc\u30c6\u30a3\u30f3\u30b0\uff13\u4f4d\uff082022\/3\u6708\u73fe\u5728\uff09<br \/>\n1961\u5e7410\u670823\u65e5\u751f<\/p>\n<\/div>\n<\/div>\n<hr>\n<div class=\"membaer\">\n<div class=\"left\">\n<p class=\"image\"><img class=\"profile\" alt=\"Katagami\" src=\"https:\/\/backgammon.or.jp\/wp-content\/uploads\/2022\/03\/Katagami-e1647615841693.jpg\"><\/p>\n<\/div>\n<div class=\"right\">\n<h3>\n                \u7247\u4e0a \u5927\u8f14  \u540d\u4eba\u738b\u4f4d<br \/>\n<small>Katagami Daisuke<\/small><\/h3>\n<p>BMAB Grand Master 3<br \/>\nJBS \u30ec\u30fc\u30c6\u30a3\u30f3\u30b0\uff11\u4f4d\uff082022\/3\u6708\u73fe\u5728\uff09<br \/>\n1981\u5e748\u670828\u65e5\u751f<\/p>\n<\/div>\n<\/div>\n<hr>\n<div class=\"membaer\">\n<div class=\"left\">\n<p class=\"image\"><img class=\"profile\" alt=\"Mochizuki\" src=\"https:\/\/backgammon.or.jp\/wp-content\/uploads\/2022\/03\/Mochizuki-e1647615990493.jpg\"><\/p>\n<\/div>\n<div class=\"right\">\n<h3>\n                \u671b\u6708 \u6b63\u884c   \u4e16\u754c\u9078\u624b\u6a29\u8005 \/ UBC\u30c1\u30e3\u30f3\u30d4\u30aa\u30f3<br \/>\n<small>Mochizuki Masayuki<\/small><\/h3>\n<p>Backgammon Giants 1\u4f4d \/ BMAB Super Grand Master 2<br \/>\nJBS \u30ec\u30fc\u30c6\u30a3\u30f3\u30b04\u4f4d\uff082022\/3\u6708\u73fe\u5728\uff09<br \/>\n1979\u5e741\u67089\u65e5\u751f<\/p>\n<\/div>\n<\/div>\n<hr>\n<div class=\"membaer\">\n<div class=\"left\">\n<p class=\"image\"><img class=\"profile\" alt=\"Yokota\" src=\"https:\/\/backgammon.or.jp\/wp-content\/uploads\/2022\/03\/Yokota.jpg\"><\/p>\n<\/div>\n<div class=\"right\">\n<h3>\n                \u6a2a\u7530 \u4e00\u7a00<br \/>\n<small>Yokota Kazuki<\/small><\/h3>\n<p>BMAB Grand Master 1<br \/>\nJBS \u30ec\u30fc\u30c6\u30a3\u30f3\u30b07\u4f4d\uff082022\/3\u6708\u73fe\u5728\uff09<br \/>\n2016\u5e74\u540d\u4eba\u6226\u512a\u52dd\u30012018\u5e74\u65e5\u672c\u9078\u624b\u6a29\u512a\u52dd<br \/>\n1995\u5e741\u670825\u65e5\u751f<\/p>\n<\/div>\n<\/div>\n<hr>\n<div class=\"membaer\">\n<div class=\"left\">\n<p class=\"image\"><img class=\"profile\" alt=\"Tanaka\" src=\"https:\/\/backgammon.or.jp\/wp-content\/uploads\/2022\/03\/Tanaka.jpg\"><\/p>\n<\/div>\n<div class=\"right\">\n<h3>\n                \u7530\u4e2d \u9054\u4e5f<br \/>\n<small>Tanaka Tatsuya<\/small><\/h3>\n<p>JBS \u30ec\u30fc\u30c6\u30a3\u30f3\u30b09\u4f4d\uff082022\/3\u6708\u73fe\u5728\uff09<br \/>\n\u76e4\u8056\u3001\u738b\u4f4d\u3001Japan Open\u306a\u3069\u7372\u5f97\u591a\u6570<br \/>\n2016\u5e74\u4e16\u754c\u9078\u624b\u6a293\u4f4d<br \/>\n1961\u5e749\u67081\u65e5\u751f<\/p>\n<\/div>\n<\/div>\n<hr>\n<div class=\"membaer\">\n<div class=\"left\">\n<p class=\"image\"><img class=\"profile\" alt=\"Mizutani\" src=\"https:\/\/backgammon.or.jp\/wp-content\/uploads\/2022\/03\/Mizutani.jpg\"><\/p>\n<\/div>\n<div class=\"right\">\n<h3>\n                \u6c34\u8c37 \u664b<br \/>\n<small>Mizutani Susumu<\/small><\/h3>\n<p>JBS \u30ec\u30fc\u30c6\u30a3\u30f3\u30b023\u4f4d\uff082022\/3\u6708\u73fe\u5728\uff09<br \/>\n2006\u5e74Japan Open\u6e96\u512a\u52dd\u30012012\u5e74\u540d\u4eba\u6226\u6e96\u512a\u52dd<br \/>\n1964\u5e748\u670831\u65e5\u751f<\/p>\n<\/div>\n<\/div>\n<hr>\n<div class=\"membaer\">\n<div class=\"left\">\n<p class=\"image\"><img class=\"profile\" alt=\"Takizawa\" src=\"https:\/\/backgammon.or.jp\/wp-content\/uploads\/2022\/03\/Takizawa.jpg\"><\/p>\n<\/div>\n<div class=\"right\">\n<h3>\n                \u6edd\u6ca2 \u671b<br \/>\n<small>Takizawa Nozomu<\/small><\/h3>\n<p>JBS\u3067\u306e\u5bfe\u6226\u5c65\u6b74\u7121\u3057\uff08\u30d5\u30e9\u30f3\u30b9\u5728\u4f4f\uff09<br \/>\n2019\u5e74\u30d5\u30e9\u30f3\u30b9\u9078\u624b\u6a29\u512a\u52dd\u3001\u30c1\u30fc\u30e0\u9078\u624b\u6a29\u512a\u52dd<br \/>\n1979\u5e748\u67083\u65e5\u751f<\/p>\n<\/div>\n<\/div>\n<hr class=\"hr02\">\n<div class=\"membaer\">\n<div class=\"left\">\n<p class=\"image\"><img class=\"profile\" alt=\"Mate-Feher\" src=\"https:\/\/backgammon.or.jp\/wp-content\/uploads\/2022\/03\/Mate-Feher.jpg\"><\/p>\n<\/div>\n<div class=\"right\">\n<h3>\n                <small>\u30b5\u30dd\u30fc\u30c8\u30b9\u30bf\u30c3\u30d5<\/small><br \/>\nM\u00e1t\u00e9 Feh\u00e9r<\/h3>\n<p>\u5bfe\u5c40\u52d5\u753b\u64ae\u5f71\u3001\u68cb\u8b5c\u8d77\u3053\u3057\u3001\u914d\u4fe1\u62c5\u5f53<br \/>\n\u30cf\u30f3\u30ac\u30ea\u30fc\u51fa\u8eab\u3001\u30d7\u30ed\u306e\u30c8\u30e9\u30f3\u30b9\u30af\u30e9\u30a4\u30d0\u30fc\u3002<br \/>\n\u65e5\u672c\u4ee3\u8868\u306e\u8a66\u5408\u8a18\u9332\u3092\u5168\u8a66\u5408\u78ba\u5b9f\u306b\u6b8b\u3059\u3002<br \/>\n\uff11\uff19\uff17\uff18\u5e74\uff11\u6708\uff11\uff13\u65e5\u751f<\/p>\n<\/div>\n<\/div>\n<hr>\n<\/div>\n","protected":false},"excerpt":{"rendered":"<p>\u30d0\u30c3\u30af\u30ae\u30e3\u30e2\u30f3\u65e5\u672c\u4ee3\u8868 \u30d0\u30c3\u30af\u30ae\u30e3\u30e2\u30f3\u65e5\u672c\u4ee3\u8868\u3068\u306f \u4e16\u754c\u3067\u958b\u50ac\u3055\u308c\u308b\u56fd\u5225\u5bfe\u6297\u6226\u3001\u7279\u306bWBGF\u4e3b\u50ac\u306eWorld Team Backgammon Championship\u306b\u51fa\u5834\u3059\u308b\u305f\u3081\u3001 \u65e5\u672c\u4ee3\u8868\u9078\u8003\u59d4\u54e1\u4f1a\u306b\u3088\u3063\u3066\u7de8\u6210\u3055\u308c\u308b [&hellip;]<\/p>\n","protected":false},"author":19,"featured_media":0,"parent":0,"menu_order":0,"comment_status":"closed","ping_status":"closed","template":"template-fullwidth.php","meta":[],"aioseo_notices":[],"_links":{"self":[{"href":"https:\/\/backgammon.or.jp\/index.php?rest_route=\/wp\/v2\/pages\/65555"}],"collection":[{"href":"https:\/\/backgammon.or.jp\/index.php?rest_route=\/wp\/v2\/pages"}],"about":[{"href":"https:\/\/backgammon.or.jp\/index.php?rest_route=\/wp\/v2\/types\/page"}],"author":[{"embeddable":true,"href":"https:\/\/backgammon.or.jp\/index.php?rest_route=\/wp\/v2\/users\/19"}],"replies":[{"embeddable":true,"href":"https:\/\/backgammon.or.jp\/index.php?rest_route=%2Fwp%2Fv2%2Fcomments&post=65555"}],"version-history":[{"count":28,"href":"https:\/\/backgammon.or.jp\/index.php?rest_route=\/wp\/v2\/pages\/65555\/revisions"}],"predecessor-version":[{"id":67277,"href":"https:\/\/backgammon.or.jp\/index.php?rest_route=\/wp\/v2\/pages\/65555\/revisions\/67277"}],"wp:attachment":[{"href":"https:\/\/backgammon.or.jp\/index.php?rest_route=%2Fwp%2Fv2%2Fmedia&parent=65555"}],"curies":[{"name":"wp","href":"https:\/\/api.w.org\/{rel}","templated":true}]}}