{"id":71276,"date":"2025-12-04T11:02:28","date_gmt":"2025-12-04T02:02:28","guid":{"rendered":"https:\/\/backgammon.or.jp\/?page_id=71276"},"modified":"2025-12-04T17:04:50","modified_gmt":"2025-12-04T08:04:50","slug":"%e4%b8%96%e7%95%8c%e3%83%81%e3%83%bc%e3%83%a0%e9%81%b8%e6%89%8b%e6%a8%a9","status":"publish","type":"page","link":"https:\/\/backgammon.or.jp\/?page_id=71276","title":{"rendered":"\u4e16\u754c\u30c1\u30fc\u30e0\u9078\u624b\u6a29"},"content":{"rendered":"\n<h1>\u4e16\u754c\u30c1\u30fc\u30e0\u9078\u624b\u6a29<\/h1>\n\n\n\n<p>WBGF\uff08World Backgammon Federation\uff09\u304c\u4e3b\u50ac\u3059\u308b\u56fd\u5225\u5bfe\u6297\u6226\u3067\u3059\u3002<br>\u30aa\u30fc\u30d7\u30f3\u90e8\u9580\u3068\u5973\u5b50\u90e8\u9580\u304c\u3042\u308a\u3001\u5404\u56fd\u4ee3\u8868\u30c1\u30fc\u30e0\u304c\u51fa\u5834\u3057\u307e\u3059\u3002<\/p>\n\n\n\n<h2>\u6b74\u4ee3\u6210\u7e3e<\/h2>\n\n\n\n<p>\u5404\u5e74\u306e\u30ea\u30f3\u30af\u304b\u3089\u8a73\u7d30\u6210\u7e3e\u3092\u3054\u78ba\u8a8d\u3044\u305f\u3060\u3051\u307e\u3059\u3002<\/p>\n\n\n\n<h4>WBGF World Team Championship<\/h4>\n\n\n\n<figure class=\"wp-block-table\"><table><thead><tr><th class=\"has-text-align-center\" data-align=\"center\">\u5e74<\/th><th class=\"has-text-align-center\" data-align=\"center\">\u9806\u4f4d<\/th><th class=\"has-text-align-center\" data-align=\"center\">\u6210\u7e3e<\/th><th class=\"has-text-align-center\" data-align=\"center\">\u4ee3\u8868\u30e1\u30f3\u30d0\u30fc<\/th><th class=\"has-text-align-center\" data-align=\"center\">\u512a\u52dd\u56fd<\/th><th class=\"has-text-align-center\" data-align=\"center\">\u958b\u50ac\u90fd\u5e02<\/th><th class=\"has-text-align-center\" data-align=\"center\">\u5099\u8003<\/th><\/tr><\/thead><tbody><tr><td class=\"has-text-align-center\" data-align=\"center\">2026<\/td><td class=\"has-text-align-center\" data-align=\"center\"><\/td><td class=\"has-text-align-center\" data-align=\"center\"><\/td><td class=\"has-text-align-center\" data-align=\"center\"><\/td><td class=\"has-text-align-center\" data-align=\"center\"><\/td><td class=\"has-text-align-center\" data-align=\"center\">\u30ed\u30f3\u30c9\u30f3<br>\uff08\u30a4\u30ae\u30ea\u30b9\uff09<\/td><td class=\"has-text-align-center\" data-align=\"center\"><\/td><\/tr><tr><td class=\"has-text-align-center\" data-align=\"center\"><a href=\"https:\/\/backgammon.or.jp\/?page_id=69006\">2025<\/a><\/td><td class=\"has-text-align-center\" data-align=\"center\">10\u4f4d<br>\/25\u30ab\u56fd<\/td><td class=\"has-text-align-center\" data-align=\"center\"><\/td><td class=\"has-text-align-center\" data-align=\"center\">\u666f\u5c71 \u5145\u4eba (c)<br>\u671b\u6708 \u6b63\u884c<br>\u4e0a\u7530 \u82f1\u660e<br>\u6c34\u8c37 \u664b<br>\u7530\u4e2d \u9054\u4e5f<br>\u677e\u6d66 \u5d1a<\/td><td class=\"has-text-align-center\" data-align=\"center\">\u30b9\u30a6\u30a7\u30fc\u30c7\u30f3<\/td><td class=\"has-text-align-center\" data-align=\"center\">\u30ab\u30e1\u30ca\u30fb\u30f4\u30eb\u30e9<br>\uff08\u30ae\u30ea\u30b7\u30e3\uff09<\/td><td class=\"has-text-align-center\" data-align=\"center\"><\/td><\/tr><tr><td class=\"has-text-align-center\" data-align=\"center\"><a href=\"https:\/\/backgammon.or.jp\/?page_id=67947\">2024<\/a><\/td><td class=\"has-text-align-center\" data-align=\"center\">9\u4f4d<br>\/23\u30ab\u56fd<\/td><td class=\"has-text-align-center\" data-align=\"center\"><\/td><td class=\"has-text-align-center\" data-align=\"center\">\u666f\u5c71 \u5145\u4eba (c)<br>\u671b\u6708 \u6b63\u884c<br>\u6a2a\u7530 \u4e00\u7a00<br>\u540d\u57ce \u5065\u592a\u90ce<br>\u7530\u4e2d \u9054\u4e5f<br>\u6c34\u8c37 \u664b<br>\u5ca1 \u7f8e\u7a42<br>\u672c\u90f7 \u6765\u4eba<br>Ralph Burd<\/td><td class=\"has-text-align-center\" data-align=\"center\">\u30aa\u30fc\u30b9\u30c8\u30ea\u30a2<\/td><td class=\"has-text-align-center\" data-align=\"center\">\u30b9\u30c8\u30c3\u30af\u30db\u30eb\u30e0<br>\uff08\u30b9\u30a6\u30a7\u30fc\u30c7\u30f3\uff09<\/td><td class=\"has-text-align-center\" data-align=\"center\"><a href=\"https:\/\/commoninja.site\/8ee30984-1142-401c-8816-9bac9ba6c91b\" title=\"\u6c7a\u52dd\u30c8\u30fc\u30ca\u30e1\u30f3\u30c8\u5bfe\u6226\u8868\" target=\"_blank\" rel=\"noopener noreferrer\">\u6c7a\u52ddT\u5bfe\u6226\u8868<\/a><\/td><\/tr><tr><td class=\"has-text-align-center\" data-align=\"center\">2023<\/td><td class=\"has-text-align-center\" data-align=\"center\">\u4e0d\u53c2\u52a0<br>\/25\u30ab\u56fd<\/td><td class=\"has-text-align-center\" data-align=\"center\"><\/td><td class=\"has-text-align-center\" data-align=\"center\"><\/td><td class=\"has-text-align-center\" data-align=\"center\">\u30d5\u30e9\u30f3\u30b9<\/td><td class=\"has-text-align-center\" data-align=\"center\">\u30b9\u30b3\u30d4\u30a8<br>\uff08\u5317\u30de\u30b1\u30c9\u30cb\u30a2\uff09<\/td><td class=\"has-text-align-center\" data-align=\"center\"><\/td><\/tr><tr><td class=\"has-text-align-center\" data-align=\"center\"><a href=\"https:\/\/backgammon.or.jp\/?page_id=65688\">2022<\/a><\/td><td class=\"has-text-align-center\" data-align=\"center\">\u6e96\u512a\u52dd<br>\/18\u30ab\u56fd<\/td><td class=\"has-text-align-center\" data-align=\"center\"><\/td><td class=\"has-text-align-center\" data-align=\"center\">\u666f\u5c71 \u5145\u4eba (c)<br>\u671b\u6708 \u6b63\u884c<br>\u7247\u4e0a \u5927\u8f14<br>\u6a2a\u7530 \u4e00\u7a00<br>\u7530\u4e2d \u9054\u4e5f<br>\u6c34\u8c37 \u664b<br>\u6edd\u6ca2 \u671b<br>M\u00e1t\u00e9 Feh\u00e9r<\/td><td class=\"has-text-align-center\" data-align=\"center\">\u30a4\u30bf\u30ea\u30a2<\/td><td class=\"has-text-align-center\" data-align=\"center\">\u30d9\u30cd\u30c1\u30a2<br>\uff08\u30a4\u30bf\u30ea\u30a2\uff09<\/td><td class=\"has-text-align-center\" data-align=\"center\"><\/td><\/tr><tr><td class=\"has-text-align-center\" data-align=\"center\">2021<\/td><td class=\"has-text-align-center\" data-align=\"center\">\u4e0d\u53c2\u52a0<br>\/19\u30ab\u56fd<\/td><td class=\"has-text-align-center\" data-align=\"center\"><\/td><td class=\"has-text-align-center\" data-align=\"center\"><\/td><td class=\"has-text-align-center\" data-align=\"center\">\u30eb\u30fc\u30de\u30cb\u30a2<\/td><td class=\"has-text-align-center\" data-align=\"center\">\u30c8\u30ea\u30fc\u30a2<br>\uff08\u30c9\u30a4\u30c4\uff09<\/td><td class=\"has-text-align-center\" data-align=\"center\"><\/td><\/tr><tr><td class=\"has-text-align-center\" data-align=\"center\">2020<\/td><td class=\"has-text-align-center\" data-align=\"center\">\u4e0d\u53c2\u52a0<br>\/17\u30ab\u56fd<\/td><td class=\"has-text-align-center\" data-align=\"center\"><\/td><td class=\"has-text-align-center\" data-align=\"center\"><\/td><td class=\"has-text-align-center\" data-align=\"center\">\u30c7\u30f3\u30de\u30fc\u30af<\/td><td class=\"has-text-align-center\" data-align=\"center\">\u30d5\u30a9\u30eb\u30b8\u30e5\u30fb\u30ec\u30be\u30fc<br>\uff08\u30d5\u30e9\u30f3\u30b9\uff09<\/td><td class=\"has-text-align-center\" data-align=\"center\"><\/td><\/tr><tr><td class=\"has-text-align-center\" data-align=\"center\">2019<\/td><td class=\"has-text-align-center\" data-align=\"center\">\u4e0d\u53c2\u52a0<br>\/26\u30ab\u56fd<\/td><td class=\"has-text-align-center\" data-align=\"center\"><\/td><td class=\"has-text-align-center\" data-align=\"center\"><\/td><td class=\"has-text-align-center\" data-align=\"center\">\u30c9\u30a4\u30c4<\/td><td class=\"has-text-align-center\" data-align=\"center\">\u30d6\u30c9\u30f4\u30a1<br>\uff08\u30e2\u30f3\u30c6\u30cd\u30b0\u30ed\uff09<\/td><td class=\"has-text-align-center\" data-align=\"center\"><\/td><\/tr><tr><td class=\"has-text-align-center\" data-align=\"center\">2018<\/td><td class=\"has-text-align-center\" data-align=\"center\">\u4e0d\u53c2\u52a0<br>\/12\u30ab\u56fd<\/td><td class=\"has-text-align-center\" data-align=\"center\"><\/td><td class=\"has-text-align-center\" data-align=\"center\"><\/td><td class=\"has-text-align-center\" data-align=\"center\">\u30c9\u30a4\u30c4<\/td><td class=\"has-text-align-center\" data-align=\"center\">\u30ab\u30bf\u30e9\u30f3\u30fb\u30d9\u30a4<br>\uff08\u82f1\u9818\u30b8\u30d6\u30e9\u30eb\u30bf\u30eb\uff09<\/td><td class=\"has-text-align-center\" data-align=\"center\"><\/td><\/tr><\/tbody><\/table><\/figure>\n\n\n\n<h4>WBGF World Women\u2019s Team Championship<\/h4>\n\n\n\n<figure class=\"wp-block-table\"><table><thead><tr><th class=\"has-text-align-center\" data-align=\"center\">\u5e74<\/th><th class=\"has-text-align-center\" data-align=\"center\">\u9806\u4f4d<\/th><th class=\"has-text-align-center\" data-align=\"center\">\u6210\u7e3e<\/th><th class=\"has-text-align-center\" data-align=\"center\"><strong>\u4ee3\u8868\u30e1\u30f3\u30d0\u30fc<\/strong><\/th><th class=\"has-text-align-center\" data-align=\"center\">\u512a\u52dd\u56fd<\/th><th class=\"has-text-align-center\" data-align=\"center\"><strong>\u958b\u50ac\u90fd\u5e02<\/strong><\/th><th>\u5099\u8003<\/th><\/tr><\/thead><tbody><tr><td class=\"has-text-align-center\" data-align=\"center\">2026<\/td><td class=\"has-text-align-center\" data-align=\"center\"><\/td><td class=\"has-text-align-center\" data-align=\"center\"><\/td><td class=\"has-text-align-center\" data-align=\"center\"><\/td><td class=\"has-text-align-center\" data-align=\"center\"><\/td><td class=\"has-text-align-center\" data-align=\"center\">\u30ed\u30f3\u30c9\u30f3<br>\uff08\u30a4\u30ae\u30ea\u30b9\uff09<\/td><td><\/td><\/tr><tr><td class=\"has-text-align-center\" data-align=\"center\">2025<\/td><td class=\"has-text-align-center\" data-align=\"center\">11\u4f4d<br>\/15\u30ab\u56fd<\/td><td class=\"has-text-align-center\" data-align=\"center\"><\/td><td class=\"has-text-align-center\" data-align=\"center\">\u5ca1 \u7f8e\u7a42 (c)<br>\u6cbc\u6ca2 \u548c\u5b50<br>\u304f\u3055\u304b \u91cc\u6a39<br>\u5ca9\u6751 \u7dbe\u5b50<\/td><td class=\"has-text-align-center\" data-align=\"center\">\u30ce\u30eb\u30a6\u30a7\u30fc<\/td><td class=\"has-text-align-center\" data-align=\"center\">\u30ab\u30e1\u30ca\u30fb\u30f4\u30eb\u30e9<br>\uff08\u30ae\u30ea\u30b7\u30e3\uff09<\/td><td><\/td><\/tr><tr><td class=\"has-text-align-center\" data-align=\"center\">2024<\/td><td class=\"has-text-align-center\" data-align=\"center\">\u4e0d\u53c2\u52a0<br>\/8\u30ab\u56fd<\/td><td class=\"has-text-align-center\" data-align=\"center\"><\/td><td class=\"has-text-align-center\" data-align=\"center\"><\/td><td class=\"has-text-align-center\" data-align=\"center\">\u30a2\u30e1\u30ea\u30ab<\/td><td class=\"has-text-align-center\" data-align=\"center\">\u30b9\u30c8\u30c3\u30af\u30db\u30eb\u30e0<br>\uff08\u30b9\u30a6\u30a7\u30fc\u30c7\u30f3\uff09<\/td><td><\/td><\/tr><\/tbody><\/table><\/figure>\n","protected":false},"excerpt":{"rendered":"<p>\u4e16\u754c\u30c1\u30fc\u30e0\u9078\u624b\u6a29 WBGF\uff08World Backgammon Federation\uff09\u304c\u4e3b\u50ac\u3059\u308b\u56fd\u5225\u5bfe\u6297\u6226\u3067\u3059\u3002\u30aa\u30fc\u30d7\u30f3\u90e8\u9580\u3068\u5973\u5b50\u90e8\u9580\u304c\u3042\u308a\u3001\u5404\u56fd\u4ee3\u8868\u30c1\u30fc\u30e0\u304c\u51fa\u5834\u3057\u307e\u3059\u3002 \u6b74\u4ee3\u6210\u7e3e \u5404\u5e74\u306e\u30ea\u30f3\u30af\u304b\u3089\u8a73\u7d30\u6210\u7e3e\u3092\u3054\u78ba\u8a8d\u3044\u305f\u3060\u3051 [&hellip;]<\/p>\n","protected":false},"author":10,"featured_media":0,"parent":71246,"menu_order":0,"comment_status":"closed","ping_status":"closed","template":"template-fullwidth.php","meta":[],"aioseo_notices":[],"_links":{"self":[{"href":"https:\/\/backgammon.or.jp\/index.php?rest_route=\/wp\/v2\/pages\/71276"}],"collection":[{"href":"https:\/\/backgammon.or.jp\/index.php?rest_route=\/wp\/v2\/pages"}],"about":[{"href":"https:\/\/backgammon.or.jp\/index.php?rest_route=\/wp\/v2\/types\/page"}],"author":[{"embeddable":true,"href":"https:\/\/backgammon.or.jp\/index.php?rest_route=\/wp\/v2\/users\/10"}],"replies":[{"embeddable":true,"href":"https:\/\/backgammon.or.jp\/index.php?rest_route=%2Fwp%2Fv2%2Fcomments&post=71276"}],"version-history":[{"count":13,"href":"https:\/\/backgammon.or.jp\/index.php?rest_route=\/wp\/v2\/pages\/71276\/revisions"}],"predecessor-version":[{"id":71303,"href":"https:\/\/backgammon.or.jp\/index.php?rest_route=\/wp\/v2\/pages\/71276\/revisions\/71303"}],"up":[{"embeddable":true,"href":"https:\/\/backgammon.or.jp\/index.php?rest_route=\/wp\/v2\/pages\/71246"}],"wp:attachment":[{"href":"https:\/\/backgammon.or.jp\/index.php?rest_route=%2Fwp%2Fv2%2Fmedia&parent=71276"}],"curies":[{"name":"wp","href":"https:\/\/api.w.org\/{rel}","templated":true}]}}